{"id":3,"date":"2022-01-26T10:28:33","date_gmt":"2022-01-26T09:28:33","guid":{"rendered":"https:\/\/agmtest.net\/agmsolutions_v2\/?page_id=3"},"modified":"2023-11-10T13:17:26","modified_gmt":"2023-11-10T12:17:26","slug":"privacy-policy","status":"publish","type":"page","link":"https:\/\/dev.agmtest.net\/en\/privacy-policy\/","title":{"rendered":"Privacy policy"},"content":{"rendered":"<div data-elementor-type=\"wp-page\" data-elementor-id=\"3\" class=\"elementor elementor-3\">\n\t\t\t\t\t\t\t\t\t<section class=\"elementor-section elementor-top-section elementor-element elementor-element-350d49f4 elementor-section-boxed elementor-section-height-default elementor-section-height-default\" data-id=\"350d49f4\" data-element_type=\"section\">\r\n\t\t\t\r\n\t\t\t\t\t\t\t\t\t<div class=\"elementor-container elementor-column-gap-default\">\r\n\t\t\t\t\t\t\t\t\t\t\t<div class=\"elementor-column elementor-col-100 elementor-top-column elementor-element elementor-element-6753f062\" data-id=\"6753f062\" data-element_type=\"column\">\r\n\r\n\t\t\t\t\t<div class=\"elementor-widget-wrap elementor-element-populated\">\r\n\t\t\t\t\t\t\t\t<div class=\"elementor-element elementor-element-713bed9a elementor-widget elementor-widget-text-editor\" data-id=\"713bed9a\" data-element_type=\"widget\" data-widget_type=\"text-editor.default\">\n\t\t\t\t<div class=\"elementor-widget-container\">\n\t\t\t<style>\/*! elementor - v3.17.0 - 08-11-2023 *\/\n.elementor-widget-text-editor.elementor-drop-cap-view-stacked .elementor-drop-cap{background-color:#69727d;color:#fff}.elementor-widget-text-editor.elementor-drop-cap-view-framed .elementor-drop-cap{color:#69727d;border:3px solid;background-color:transparent}.elementor-widget-text-editor:not(.elementor-drop-cap-view-default) .elementor-drop-cap{margin-top:8px}.elementor-widget-text-editor:not(.elementor-drop-cap-view-default) .elementor-drop-cap-letter{width:1em;height:1em}.elementor-widget-text-editor .elementor-drop-cap{float:left;text-align:center;line-height:1;font-size:50px}.elementor-widget-text-editor .elementor-drop-cap-letter{display:inline-block}<\/style>\t\t\t\t<p>La presente Informativa \u00e8 resa ai sensi dell\u2019art. 13 del Regolamento Europeo sulla protezione dei dati personali 2016\/679, c.d. GDPR (General Data Protection Regulation \u2013 Regolamento generale sulla protezione dei dati), e del D.lgs. 30 giugno 2003, n. 196, c.d. Codice Privacy (come novellato dal D.lgs. 10 agosto 2018, n. 101), con l\u2019obiettivo di fornire informazioni circa le finalit\u00e0 e le modalit\u00e0 di trattamento dei dati personali, gli eventuali destinatari degli stessi nonch\u00e9 i diritti riconosciuti agli interessati.<\/p><h4>1.\u00a0\u00a0\u00a0\u00a0 TIPOLOGIA DI DATI PERSONALI, FINALITA\u2019 E BASE GIURIDICA OGGETTO DEL TRATTAMENTO<\/h4><p>Il trattamento interessa i seguenti dati:<\/p><ol><li>Dati personali: nome, cognome, indirizzo mail, telefono;<\/li><li>Dati personali: indirizzo mail<\/li><\/ol><p>Lei \u00e8 informato che i Suoi dati di cui al punto 1):<\/p><p>a) sono trattati al fine di poterla contattare per fornirle le informazioni da lei richieste attraverso l\u2019apposito form che ha compilato. La base giuridica del trattamento di tali dati risiede quindi nel c.d. \u201cconsenso dell\u2019interessato\u201d, come stabilito dall\u2019art. 6, par. 1, lett. A del Regolamento UE 2016\/679 (GDPR);<\/p><p>Lei \u00e8 informato che i Suoi dati di cui al punto 2):<\/p><p>b) sono trattati al fine di poterle inviare materiale pubblicitario, informativo e promozionale e di aggiornamento periodico su iniziative, prodotti ed eventi di AGM Academy (c.d. newsletter). La base giuridica del trattamento di tali dati risiede quindi nel c.d. \u201cconsenso dell\u2019interessato\u201d, come stabilito dall\u2019art. 6, par. 1, lett. A del Regolamento UE 2016\/679 (GDPR);<\/p><h3>2.\u00a0\u00a0\u00a0\u00a0 MODALITA\u2019 DEL TRATTAMENTO<\/h3><p>Il trattamento dei dati personali sar\u00e0 effettuato con l&#8217;ausilio di mezzi elettronici o automatizzati in conformit\u00e0 ai principi di necessit\u00e0 e minimizzazione, e cos\u00ec per il solo tempo strettamente richiesto per il conseguimento delle finalit\u00e0 perseguite. Il titolare del trattamento adotta misure tecniche e organizzative adeguate a garantire un livello di sicurezza idoneo rispetto alla tipologia di dati trattati (art. 32 del Regolamento UE 679\/2016).<\/p><h4>3.\u00a0\u00a0\u00a0\u00a0 TITOLARE DEL TRATTAMENTO DEI DATI PERSONALI<\/h4><p>Titolare del trattamento \u00e8 AGM Solutions s.r.l. con sede legale in Milano (MI) in Via Privata Angiolo Maffucci, 3 \u2013 CAP 20158 contattabile al seguente indirizzo di posta elettronica: <strong>info@agmsolutions.net<\/strong><\/p><h4>4.\u00a0\u00a0\u00a0\u00a0 RESPONSABILE DEL TRATTAMENTO DEI DATI PERSONALI<\/h4><p>Il Responsabile della Protezione dei Dati (\u201cRPD\u201d) di AGM Solutions s.r.l. pu\u00f2 essere contattato al seguente indirizzo di posta elettronica: <strong>dpo@agmsolutions.net<\/strong><\/p><h4>5.\u00a0\u00a0\u00a0\u00a0 NATURA DEL CONFERIMENTO DEI DATI E CONSEGUENZE DI UN EVENTUALE RIFIUTO<\/h4><p>Il conferimento dei dati personali per la finalit\u00e0 di cui alla lettera a) \u00e8 obbligatorio, il rifiuto di fornire i suddetti dati personali non consente all\u2019interessato di usufruire dei servizi\/contenuti offerti dal Sito di AGM Academy.<\/p><p>Il conferimento dei dati personali per la finalit\u00e0 di cui alla lettera b) \u00e8 facoltativo, il rifiuto di fornire i dati richiesti precluder\u00e0 l\u2019invio della Newsletter nei riguardi degli interessati che ne abbiano fatta esplicita richiesta.<\/p><h4>6.\u00a0\u00a0\u00a0\u00a0 CANCELLAZIONE DAL SERVIZIO DI NEWSLETTER<\/h4><p>Per non ricevere pi\u00f9 la Newsletter, l\u2019utente pu\u00f2 cliccare sul pulsante \u201cDisiscriviti\u201d in calce a ogni comunicazione ricevuta e confermare la disiscrizione nella schermata che si aprir\u00e0, cliccando sul pulsante \u201cConferma\u201d.<\/p><p>In caso di problemi tecnici ovvero per procedere alla cancellazione dal servizio di Newsletter offerto da AGM Solutions tramite il portale di AGM Academy \u00e8 possibile inviare una segnalazione e-mail a: <strong>marketing@agmsolutions.net<\/strong><\/p><h4>7.\u00a0\u00a0\u00a0\u00a0 COMUNICAZIONE E DIFFUSIONE DEI DATI PERSONALI<\/h4><p>I Suoi dati saranno trattati esclusivamente dal Titolare del trattamento e dal relativo personale appositamente istruito al trattamento e alla protezione dei dati. I dati personali non saranno mai comunicati a terzi se non in assolvimento di eventuali obblighi di legge. I dati non saranno in alcun modo diffusi.<\/p><p>Il titolare non trasferisce dati personali in paesi terzi, ovvero in Paesi Extra UE.<\/p><h4>8.\u00a0\u00a0\u00a0\u00a0 PROCESSI AUTOMATIZZATI E PROFILAZIONE<\/h4><p>I dati personali conferiti non sono soggetti ad alcun processo decisionale interamente automatizzato, ivi compresa la profilazione, che possa produrre nei Suoi confronti effetti giuridici, ovvero che possa incidere significativamente sulla Sua persona.<\/p><h4>9.\u00a0\u00a0\u00a0\u00a0 TEMPI DI CONSERVAZIONE DEI DATI<\/h4><p>La informiamo che i suoi dati personali di cui al punto 1), raccolti per le finalit\u00e0 di cui alle lettere a), saranno conservati fino il tempo strettamente necessario a rispondere alla richiesta di informazioni ricevuta.<\/p><p>La informiamo che i suoi dati personali di cui al punto 1), raccolti per le finalit\u00e0 di cui alle lettere b), saranno conservati fino alla revoca del proprio consenso da parte dell\u2019interessato al trattamento dei dati utilizzati per la suddetta finalit\u00e0.<\/p><h4>10.\u00a0\u00a0 DIRITTI DELL\u2019INTERESSATO<\/h4><p>Ai sensi degli artt. 15-22 del GDPR, Lei potr\u00e0 far valere i seguenti diritti:<\/p><ul><li>diritto di accesso ai dati, formulando opportuna richiesta delle seguenti informazioni: finalit\u00e0 e modalit\u00e0 del trattamento; categorie di dati personali in questione; destinatari o categorie di destinatari a cui i dati personali sono stati o saranno comunicati; periodo di conservazione dei dati; logica applicata al trattamento; estremi identificativi del titolare e dei responsabili;<\/li><li>diritto di richiedere la rettifica ovvero l\u2019integrazione dei dati;<\/li><li>diritto di richiedere la cancellazione (nei casi previsti dal Regolamento), la trasformazione in forma anonima dei dati ed il blocco dei dati se trattati in violazione di legge, fatti salvi tutti gli obblighi di conservazione imposti dalla legge;<\/li><li>diritto alla portabilit\u00e0 dei dati;<\/li><li>diritto di opporsi per motivi legittimi al trattamento dei dati.<\/li><\/ul><p>Lei ha, inoltre, diritto di proporre reclamo ad un\u2019Autorit\u00e0 di Controllo.<\/p><p>Le sue Richieste per l\u2019esercizio dei Suoi diritti dovranno essere inviate all\u2019indirizzo di posta elettronica <strong>dpo@agmsolutions.net<\/strong><\/p>\t\t\t\t\t\t<\/div>\n\t\t\t\t<\/div>\n\t\t\t\t\t<\/div>\r\n\t\t\t\t<\/div>\r\n\t\t\t\t\t\t<\/div>\r\n\t\t\t\t<\/section>\r\n\t\t\t\t\t\t\t<\/div>","protected":false},"excerpt":{"rendered":"<p>La presente Informativa \u00e8 resa ai sensi dell\u2019art. 13 del Regolamento Europeo sulla protezione dei dati personali 2016\/679, c.d. GDPR (General Data Protection Regulation \u2013 Regolamento generale sulla protezione dei dati), e del D.lgs. 30 giugno 2003, n. 196, c.d. Codice Privacy (come novellato dal D.lgs. 10 agosto 2018, n. 101), con l\u2019obiettivo di fornire [&hellip;]<\/p>","protected":false},"author":1,"featured_media":0,"parent":0,"menu_order":0,"comment_status":"closed","ping_status":"open","template":"","meta":{"footnotes":""},"yoast_head":"<!-- This site is optimized with the Yoast SEO plugin v21.5 - https:\/\/yoast.com\/wordpress\/plugins\/seo\/ -->\n<title>Privacy policy - AGM Solutions<\/title>\n<meta name=\"description\" content=\"La presente Informativa \u00e8 resa ai sensi del Regolamento Europeo sulla protezione dei dati personali 2016\/679, c.d. GDPR.\" \/>\n<meta name=\"robots\" content=\"index, follow, max-snippet:-1, max-image-preview:large, max-video-preview:-1\" \/>\n<link rel=\"canonical\" href=\"https:\/\/dev.agmtest.net\/en\/privacy-policy\/\" \/>\n<meta property=\"og:locale\" content=\"en_GB\" \/>\n<meta property=\"og:type\" content=\"article\" \/>\n<meta property=\"og:title\" content=\"Privacy policy - AGM Solutions\" \/>\n<meta property=\"og:description\" content=\"La presente Informativa \u00e8 resa ai sensi del Regolamento Europeo sulla protezione dei dati personali 2016\/679, c.d. GDPR.\" \/>\n<meta property=\"og:url\" content=\"https:\/\/dev.agmtest.net\/en\/privacy-policy\/\" \/>\n<meta property=\"og:site_name\" content=\"AGM Solutions\" \/>\n<meta property=\"article:modified_time\" content=\"2023-11-10T12:17:26+00:00\" \/>\n<meta name=\"twitter:card\" content=\"summary_large_image\" \/>\n<meta name=\"twitter:label1\" content=\"Estimated reading time\" \/>\n\t<meta name=\"twitter:data1\" content=\"5 minutes\" \/>\n<script type=\"application\/ld+json\" class=\"yoast-schema-graph\">{\"@context\":\"https:\/\/schema.org\",\"@graph\":[{\"@type\":\"WebPage\",\"@id\":\"https:\/\/dev.agmtest.net\/privacy-policy\/\",\"url\":\"https:\/\/dev.agmtest.net\/privacy-policy\/\",\"name\":\"Privacy policy - AGM Solutions\",\"isPartOf\":{\"@id\":\"https:\/\/dev.agmtest.net\/#website\"},\"datePublished\":\"2022-01-26T09:28:33+00:00\",\"dateModified\":\"2023-11-10T12:17:26+00:00\",\"description\":\"La presente Informativa \u00e8 resa ai sensi del Regolamento Europeo sulla protezione dei dati personali 2016\/679, c.d. GDPR.\",\"breadcrumb\":{\"@id\":\"https:\/\/dev.agmtest.net\/privacy-policy\/#breadcrumb\"},\"inLanguage\":\"en-GB\",\"potentialAction\":[{\"@type\":\"ReadAction\",\"target\":[\"https:\/\/dev.agmtest.net\/privacy-policy\/\"]}]},{\"@type\":\"BreadcrumbList\",\"@id\":\"https:\/\/dev.agmtest.net\/privacy-policy\/#breadcrumb\",\"itemListElement\":[{\"@type\":\"ListItem\",\"position\":1,\"name\":\"Home\",\"item\":\"https:\/\/dev.agmtest.net\/\"},{\"@type\":\"ListItem\",\"position\":2,\"name\":\"Privacy policy\"}]},{\"@type\":\"WebSite\",\"@id\":\"https:\/\/dev.agmtest.net\/#website\",\"url\":\"https:\/\/dev.agmtest.net\/\",\"name\":\"AGM Solutions\",\"description\":\"Innovation Technology\",\"potentialAction\":[{\"@type\":\"SearchAction\",\"target\":{\"@type\":\"EntryPoint\",\"urlTemplate\":\"https:\/\/dev.agmtest.net\/?s={search_term_string}\"},\"query-input\":\"required name=search_term_string\"}],\"inLanguage\":\"en-GB\"}]}<\/script>\n<!-- \/ Yoast SEO plugin. -->","yoast_head_json":{"title":"Privacy policy - AGM Solutions","description":"La presente Informativa \u00e8 resa ai sensi del Regolamento Europeo sulla protezione dei dati personali 2016\/679, c.d. GDPR.","robots":{"index":"index","follow":"follow","max-snippet":"max-snippet:-1","max-image-preview":"max-image-preview:large","max-video-preview":"max-video-preview:-1"},"canonical":"https:\/\/dev.agmtest.net\/en\/privacy-policy\/","og_locale":"en_GB","og_type":"article","og_title":"Privacy policy - AGM Solutions","og_description":"La presente Informativa \u00e8 resa ai sensi del Regolamento Europeo sulla protezione dei dati personali 2016\/679, c.d. GDPR.","og_url":"https:\/\/dev.agmtest.net\/en\/privacy-policy\/","og_site_name":"AGM Solutions","article_modified_time":"2023-11-10T12:17:26+00:00","twitter_card":"summary_large_image","twitter_misc":{"Estimated reading time":"5 minutes"},"schema":{"@context":"https:\/\/schema.org","@graph":[{"@type":"WebPage","@id":"https:\/\/dev.agmtest.net\/privacy-policy\/","url":"https:\/\/dev.agmtest.net\/privacy-policy\/","name":"Privacy policy - AGM Solutions","isPartOf":{"@id":"https:\/\/dev.agmtest.net\/#website"},"datePublished":"2022-01-26T09:28:33+00:00","dateModified":"2023-11-10T12:17:26+00:00","description":"La presente Informativa \u00e8 resa ai sensi del Regolamento Europeo sulla protezione dei dati personali 2016\/679, c.d. GDPR.","breadcrumb":{"@id":"https:\/\/dev.agmtest.net\/privacy-policy\/#breadcrumb"},"inLanguage":"en-GB","potentialAction":[{"@type":"ReadAction","target":["https:\/\/dev.agmtest.net\/privacy-policy\/"]}]},{"@type":"BreadcrumbList","@id":"https:\/\/dev.agmtest.net\/privacy-policy\/#breadcrumb","itemListElement":[{"@type":"ListItem","position":1,"name":"Home","item":"https:\/\/dev.agmtest.net\/"},{"@type":"ListItem","position":2,"name":"Privacy policy"}]},{"@type":"WebSite","@id":"https:\/\/dev.agmtest.net\/#website","url":"https:\/\/dev.agmtest.net\/","name":"AGM Solutions","description":"Innovation Technology","potentialAction":[{"@type":"SearchAction","target":{"@type":"EntryPoint","urlTemplate":"https:\/\/dev.agmtest.net\/?s={search_term_string}"},"query-input":"required name=search_term_string"}],"inLanguage":"en-GB"}]}},"_links":{"self":[{"href":"https:\/\/dev.agmtest.net\/en\/wp-json\/wp\/v2\/pages\/3"}],"collection":[{"href":"https:\/\/dev.agmtest.net\/en\/wp-json\/wp\/v2\/pages"}],"about":[{"href":"https:\/\/dev.agmtest.net\/en\/wp-json\/wp\/v2\/types\/page"}],"author":[{"embeddable":true,"href":"https:\/\/dev.agmtest.net\/en\/wp-json\/wp\/v2\/users\/1"}],"replies":[{"embeddable":true,"href":"https:\/\/dev.agmtest.net\/en\/wp-json\/wp\/v2\/comments?post=3"}],"version-history":[{"count":17,"href":"https:\/\/dev.agmtest.net\/en\/wp-json\/wp\/v2\/pages\/3\/revisions"}],"predecessor-version":[{"id":13070,"href":"https:\/\/dev.agmtest.net\/en\/wp-json\/wp\/v2\/pages\/3\/revisions\/13070"}],"wp:attachment":[{"href":"https:\/\/dev.agmtest.net\/en\/wp-json\/wp\/v2\/media?parent=3"}],"curies":[{"name":"wp","href":"https:\/\/api.w.org\/{rel}","templated":true}]}}